{"id":618,"date":"2024-11-28T15:46:15","date_gmt":"2024-11-28T15:46:15","guid":{"rendered":"https:\/\/www.azzolinioutdoor.it\/cookies\/"},"modified":"2026-02-25T10:33:21","modified_gmt":"2026-02-25T10:33:21","slug":"cookies","status":"publish","type":"page","link":"https:\/\/www.azzolinioutdoor.it\/de\/cookies\/","title":{"rendered":"Cookies"},"content":{"rendered":"\t\t<div data-elementor-type=\"wp-page\" data-elementor-id=\"618\" class=\"elementor elementor-618 elementor-518\" data-elementor-post-type=\"page\">\n\t\t\t\t<div class=\"elementor-element elementor-element-32aef2fd e-flex e-con-boxed e-con e-parent\" data-id=\"32aef2fd\" data-element_type=\"container\" data-e-type=\"container\">\n\t\t\t\t\t<div class=\"e-con-inner\">\n\t\t\t\t<div class=\"elementor-element elementor-element-9cbab69 elementor-widget elementor-widget-text-editor\" data-id=\"9cbab69\" data-element_type=\"widget\" data-e-type=\"widget\" data-widget_type=\"text-editor.default\">\n\t\t\t\t\t\t\t\t\t<p><style>\n    a.cky-banner-element {<br \/>        padding: 8px 30px;<br \/>        background: #F8F9FA;<br \/>        color: #858A8F;<br \/>        border: 1px solid #DEE2E6;<br \/>        box-sizing: border-box;<br \/>        border-radius: 2px;<br \/>        cursor: pointer;<br \/>}<br \/><\/style>\n<\/p>\n<h2><strong>Cookie-Richtlinie<\/strong><\/h2>\n<h3>&nbsp;<\/h3>\n<h3><strong>Was sind Cookies?<\/strong><\/h3>\n<p>Cookies sind kleine Textdateien, die von einer Website an den Browser des Nutzers gesendet und dort gespeichert werden, bevor sie bei sp\u00e4teren Besuchen wieder an die Website zur\u00fcckgesendet werden. Sie dienen verschiedenen Zwecken, unter anderem der Gew\u00e4hrleistung der ordnungsgem\u00e4\u00dfen Funktion der Website und der Personalisierung des Nutzererlebnisses. <\/p>\n<h3>&nbsp;<\/h3>\n<h3><strong>Verwendete Cookie-Arten<\/strong><\/h3>\n<ol>\n<li><strong>Technische Cookies<\/strong><br>Diese Cookies sind f\u00fcr die Funktionsf\u00e4higkeit der Website erforderlich und bed\u00fcrfen keiner Zustimmung des Nutzers.\n<ul>\n<li>Beispiele: Sitzung, Authentifizierung.<\/li>\n<\/ul>\n<\/li>\n<li><strong>Funktionale Cookies<\/strong><br>helfen bei der Ausf\u00fchrung bestimmter Funktionen, wie z. B. dem Teilen von Website-Inhalten auf Social-Media-Plattformen, dem Sammeln von Feedback und anderen Funktionen von Drittanbietern.<strong><br><\/strong><\/li>\n<\/ol>\n<h3>&nbsp;<\/h3>\n<h3><strong>Cookie-Verwaltung<\/strong><\/h3>\n<p>Nutzer k\u00f6nnen ihre Cookie-Einstellungen direkt im Browser verwalten oder das auf der Website bereitgestellte Cookie-Verwaltungstool verwenden.<br>Beispiele f\u00fcr die Verwaltung in g\u00e4ngigen Browsern:<\/p>\n<ul>\n<li><strong>Chrome<\/strong>:&nbsp;<a rel=\"noopener\">Einstellungen&nbsp;Chrome<\/a><\/li>\n<li><strong>Firefox<\/strong>:&nbsp;<a href=\"https:\/\/support.mozilla.org\/it\/kb\/Gestione%20dei%20cookie\" target=\"_blank\" rel=\"noopener\" data-saferedirecturl=\"https:\/\/www.google.com\/url?q=https:\/\/support.mozilla.org\/it\/kb\/Gestione%2520dei%2520cookie&amp;source=gmail&amp;ust=1732804735207000&amp;usg=AOvVaw2kBVbN5bv_ydrFCJdLj7IV\">Einstellungen&nbsp;Firefox<\/a><\/li>\n<li><strong>Safari<\/strong>:&nbsp;<a href=\"https:\/\/support.apple.com\/it-it\/guide\/safari\/sfri11471\/mac\" target=\"_blank\" rel=\"noopener\" data-saferedirecturl=\"https:\/\/www.google.com\/url?q=https:\/\/support.apple.com\/it-it\/guide\/safari\/sfri11471\/mac&amp;source=gmail&amp;ust=1732804735207000&amp;usg=AOvVaw2Pnln8ZHQ5-zlC9_6YWU4W\">Einstellungen&nbsp;Safari<\/a><\/li>\n<\/ul>\n<h3>&nbsp;<\/h3>\n<h3><b>Liste der Cookies<\/b><\/h3>\n<div role=\"alert\"><h6>Die angezeigte Liste der Cookies basiert auf dem letzten Scan vom 8. M\u00e4rz 2024 um 08:09:09 (UTC).<\/h6><h6><strong style=\"font-size: 1rem;\"><br><\/strong><\/h6><h6><strong style=\"font-size: 1rem;\">Necessaria<\/strong><\/h6><div><div data-testid=\"category-description\"><p>Notwendige Cookies sind f\u00fcr die grundlegenden Funktionen der Website unerl\u00e4sslich; ohne sie funktioniert die Website nicht wie vorgesehen. Diese Cookies speichern keine personenbezogenen Daten.<\/p>\n<\/div>\n<table>\n<thead>\n<tr>\n<th>Cookie<\/th>\n<th>Durata<\/th>\n<th>Descrizione<\/th>\n<\/tr>\n<\/thead>\n<tbody>\n<tr>\n<td>cookieyes-consent<\/td>\n<td>1 Jahr<\/td>\n<td>CookieYes verwendet diesen Cookie, um die Einwilligungseinstellungen der Nutzer zu speichern, damit diese bei zuk\u00fcnftigen Besuchen dieser Website ber\u00fccksichtigt werden. Es werden keine personenbezogenen Daten von Website-Besuchern erfasst oder gespeichert. <\/td>\n<\/tr>\n<tr>\n<td>wpEmojiSettingsSupports<\/td>\n<td>sessione<\/td>\n<td>WordPress setzt diesen Cookie, wenn ein Nutzer auf einer WordPress-Website mit Emojis interagiert. Er hilft festzustellen, ob der Browser des Nutzers Emojis korrekt darstellen kann. <\/td>\n<\/tr>\n<\/tbody>\n<\/table>\n<\/div><div>\n<p><strong><br><\/strong><\/p><p><strong>Funzionale<\/strong><\/p>\n<div data-testid=\"category-description\">\n<p>Funktionale Cookies helfen bei der Durchf\u00fchrung bestimmter Funktionen, wie z. B. dem Teilen von Website-Inhalten auf Social-Media-Plattformen, dem Sammeln von Feedback und anderen Funktionen von Drittanbietern.<\/p>\n<\/div>\n<table>\n<thead>\n<tr>\n<th>Cookie<\/th>\n<th>Dauer<\/th>\n<span style=\"font-size: 14.4px;\"><\/span><th><span style=\"font-size: 14.4px;\">Beschreibung<\/span><\/th>\n<\/tr>\n<\/thead>\n<tbody>\n<tr>\n<td>wp-wpml_current_language<\/td>\n<td>session<\/td>\n<td>Das WordPress-Mehrsprachigkeits-Plugin verwendet diesen Cookie, um die aktuellen Spracheinstellungen zu speichern.<\/td>\n<\/tr>\n<\/tbody>\n<\/table>\n<\/div><\/div>\n<h3>&nbsp;<\/h3>\n<h3><strong>\u00c4nderungen der Cookie-Richtlinie<\/strong><\/h3>\n<p>Die Cookie-Richtlinie kann aufgrund regulatorischer oder technischer \u00c4nderungen aktualisiert werden. \u00c4nderungen werden \u00fcber die Website bekannt gegeben. <\/p>\t\t\t\t\t\t\t\t<\/div>\n\t\t\t\t\t<\/div>\n\t\t\t\t<\/div>\n\t\t\t\t<\/div>\n\t\t","protected":false},"excerpt":{"rendered":"<p>Cookie-Richtlinie &nbsp; Was sind Cookies? Cookies sind kleine Textdateien, die von einer Website an den Browser des Nutzers gesendet und dort gespeichert werden, bevor sie bei sp\u00e4teren Besuchen wieder an die Website zur\u00fcckgesendet werden. Sie dienen verschiedenen Zwecken, unter anderem der Gew\u00e4hrleistung der ordnungsgem\u00e4\u00dfen Funktion der Website und der Personalisierung des Nutzererlebnisses. &nbsp; Verwendete Cookie-Arten [&hellip;]<\/p>\n","protected":false},"author":1,"featured_media":0,"parent":0,"menu_order":0,"comment_status":"closed","ping_status":"closed","template":"elementor_canvas","meta":{"footnotes":""},"class_list":["post-618","page","type-page","status-publish","hentry"],"_links":{"self":[{"href":"https:\/\/www.azzolinioutdoor.it\/de\/wp-json\/wp\/v2\/pages\/618","targetHints":{"allow":["GET"]}}],"collection":[{"href":"https:\/\/www.azzolinioutdoor.it\/de\/wp-json\/wp\/v2\/pages"}],"about":[{"href":"https:\/\/www.azzolinioutdoor.it\/de\/wp-json\/wp\/v2\/types\/page"}],"author":[{"embeddable":true,"href":"https:\/\/www.azzolinioutdoor.it\/de\/wp-json\/wp\/v2\/users\/1"}],"replies":[{"embeddable":true,"href":"https:\/\/www.azzolinioutdoor.it\/de\/wp-json\/wp\/v2\/comments?post=618"}],"version-history":[{"count":1,"href":"https:\/\/www.azzolinioutdoor.it\/de\/wp-json\/wp\/v2\/pages\/618\/revisions"}],"predecessor-version":[{"id":619,"href":"https:\/\/www.azzolinioutdoor.it\/de\/wp-json\/wp\/v2\/pages\/618\/revisions\/619"}],"wp:attachment":[{"href":"https:\/\/www.azzolinioutdoor.it\/de\/wp-json\/wp\/v2\/media?parent=618"}],"curies":[{"name":"wp","href":"https:\/\/api.w.org\/{rel}","templated":true}]}}